{"id":1296,"date":"2014-12-14T16:27:28","date_gmt":"2014-12-14T14:27:28","guid":{"rendered":"http:\/\/zenimm.local\/?page_id=31"},"modified":"2026-04-07T13:46:18","modified_gmt":"2026-04-07T11:46:18","slug":"taegliches-zazen-im-max-2","status":"publish","type":"page","link":"https:\/\/www.zenimmax.ch\/angebote\/taegliches-zazen-im-max-2\/","title":{"rendered":"Zazen"},"content":{"rendered":"\n<p class=\"has-ast-global-color-5-background-color has-background has-medium-font-size\"><strong>\u00dcbungszeiten<\/strong><br><span style=\"color: #000000;\">Montag, Mittwoch, Freitag\u00a0 \u00a0 6.30 h &#8211; 7.30 h<br>Dienstag, Donnerstag\u00a0 \u00a0 \u00a0 \u00a0 18.15 h &#8211; 19.45 h<\/span><br>Am Pfingstmontag, 25. Mai findet kein Zazen statt, das Max ist geschlossen.<\/p>\n\n\n\n<p class=\"has-ast-global-color-5-background-color has-background has-medium-font-size\"><span style=\"color: #000000;\"><strong>Ort<\/strong><br><\/span><span style=\"color: #000000;\">Zendo im Erdgeschoss Maximilianeum<span style=\"color: #008080;\">,<\/span> Studentenwohnheim &#8222;Max 12&#8220;,<\/span><br><span style=\"color: #000000;\"> Leonhardstr. 12, 8001 Z\u00fcrich<\/span><br><span style=\"color: #000000;\"> (Haltestelle Haldenegg, Tram Nr. 6, 7, 10, 15 \/ zwei Stationen entfernt vom ZH HB Richtung Central)<\/span><\/p>\n\n\n\n<p class=\"has-ast-global-color-5-background-color has-background has-medium-font-size\"><span style=\"color: #000000;\"><strong><span style=\"color: #000000;\">Unkostenbeitrag<\/span><br><\/strong>Fr. 5.- pro Besuch<\/span> (bar in Kasse oder periodisch via Einzahlungsschein)<\/p>\n\n\n\n<p class=\"has-ast-global-color-5-background-color has-background has-medium-font-size\"><span style=\"color: #000000;\"><strong>Keine Anmeldung n\u00f6tig<\/strong><\/span><br><span style=\"color: #000000;\">Das Zendo ist offen f\u00fcr alle Interessierten<\/span><br><span style=\"color: #000000;\"> Wer zum ersten Mal kommt, meldet sich bei der Assistenz<\/span><br><span style=\"color: #000000;\"> Bequeme Kleider (unauff\u00e4llige Farben) mitbringen<\/span><\/p>\n\n\n\n<p class=\"has-ast-global-color-2-color has-ast-global-color-5-background-color has-text-color has-background has-link-color has-medium-font-size wp-elements-fac925caa71ff9710dd58c0bcffb6f32\"><span style=\"color: #000000;\"><strong>Dokusan<\/strong><\/span><br>Wer ein Einzelgespr\u00e4ch w\u00e4hrend der \u00dcbungszeiten mit J\u00fcrg Heldstab w\u00fcnscht, meldet sich im Voraus via <strong>info@zenimmax.ch<\/strong> an.<\/p>\n\n\n\n<p class=\"has-ast-global-color-5-background-color has-background has-medium-font-size\"><strong>Sommerferien<\/strong><br>12. Juli  \u2013 16.  August 2026<br>Das Max bleibt in den Ferien ge\u00f6ffnet, Zazen ist m\u00f6glich aber ohne Assistenz.<\/p>\n\n\n\n<p class=\"has-ast-global-color-5-background-color has-background has-medium-font-size\"><strong>Sportferien, Fr\u00fchlings- und Herbstferien<\/strong><br>Das Zendo bleibt durchgehend ge\u00f6ffnet, das t\u00e4gliche Zazen findet statt.<\/p>\n\n\n\n<p class=\"has-ast-global-color-5-background-color has-background has-medium-font-size\"><a href=\"https:\/\/www.zenimmax.ch\/wp-content\/uploads\/2026\/03\/Zen-im-Max-Jahreskalender-2026-Version-Maerz.pdf\" data-type=\"link\" data-id=\"https:\/\/www.zenimmax.ch\/wp-content\/uploads\/2026\/03\/Zen-im-Max-Jahreskalender-2026-Version-Maerz.pdf\">Jahresprogramm<\/a> (download)<\/p>\n\n\n\n<p><\/p>\n","protected":false},"excerpt":{"rendered":"<p>\u00dcbungszeitenMontag, Mittwoch, Freitag\u00a0 \u00a0 6.30 h &#8211; 7.30 hDienstag, Donnerstag\u00a0 \u00a0 \u00a0 \u00a0 18.15 h &#8211; 19.45 hAm Pfingstmontag, 25. [&hellip;]<\/p>\n","protected":false},"author":2,"featured_media":0,"parent":0,"menu_order":1,"comment_status":"closed","ping_status":"closed","template":"","meta":{"site-sidebar-layout":"default","site-content-layout":"","ast-site-content-layout":"","site-content-style":"default","site-sidebar-style":"default","ast-global-header-display":"","ast-banner-title-visibility":"","ast-main-header-display":"","ast-hfb-above-header-display":"","ast-hfb-below-header-display":"","ast-hfb-mobile-header-display":"","site-post-title":"","ast-breadcrumbs-content":"","ast-featured-img":"","footer-sml-layout":"","theme-transparent-header-meta":"","adv-header-id-meta":"","stick-header-meta":"","header-above-stick-meta":"","header-main-stick-meta":"","header-below-stick-meta":"","astra-migrate-meta-layouts":"default","ast-page-background-enabled":"default","ast-page-background-meta":{"desktop":{"background-color":"var(--ast-global-color-5)","background-image":"","background-repeat":"repeat","background-position":"center center","background-size":"auto","background-attachment":"scroll","background-type":"","background-media":"","overlay-type":"","overlay-color":"","overlay-opacity":"","overlay-gradient":""},"tablet":{"background-color":"","background-image":"","background-repeat":"repeat","background-position":"center center","background-size":"auto","background-attachment":"scroll","background-type":"","background-media":"","overlay-type":"","overlay-color":"","overlay-opacity":"","overlay-gradient":""},"mobile":{"background-color":"","background-image":"","background-repeat":"repeat","background-position":"center center","background-size":"auto","background-attachment":"scroll","background-type":"","background-media":"","overlay-type":"","overlay-color":"","overlay-opacity":"","overlay-gradient":""}},"ast-content-background-meta":{"desktop":{"background-color":"var(--ast-global-color-4)","background-image":"","background-repeat":"repeat","background-position":"center center","background-size":"auto","background-attachment":"scroll","background-type":"","background-media":"","overlay-type":"","overlay-color":"","overlay-opacity":"","overlay-gradient":""},"tablet":{"background-color":"var(--ast-global-color-4)","background-image":"","background-repeat":"repeat","background-position":"center center","background-size":"auto","background-attachment":"scroll","background-type":"","background-media":"","overlay-type":"","overlay-color":"","overlay-opacity":"","overlay-gradient":""},"mobile":{"background-color":"var(--ast-global-color-4)","background-image":"","background-repeat":"repeat","background-position":"center center","background-size":"auto","background-attachment":"scroll","background-type":"","background-media":"","overlay-type":"","overlay-color":"","overlay-opacity":"","overlay-gradient":""}},"footnotes":""},"class_list":["post-1296","page","type-page","status-publish","hentry"],"_links":{"self":[{"href":"https:\/\/www.zenimmax.ch\/angebote\/wp-json\/wp\/v2\/pages\/1296","targetHints":{"allow":["GET"]}}],"collection":[{"href":"https:\/\/www.zenimmax.ch\/angebote\/wp-json\/wp\/v2\/pages"}],"about":[{"href":"https:\/\/www.zenimmax.ch\/angebote\/wp-json\/wp\/v2\/types\/page"}],"author":[{"embeddable":true,"href":"https:\/\/www.zenimmax.ch\/angebote\/wp-json\/wp\/v2\/users\/2"}],"replies":[{"embeddable":true,"href":"https:\/\/www.zenimmax.ch\/angebote\/wp-json\/wp\/v2\/comments?post=1296"}],"version-history":[{"count":24,"href":"https:\/\/www.zenimmax.ch\/angebote\/wp-json\/wp\/v2\/pages\/1296\/revisions"}],"predecessor-version":[{"id":1719,"href":"https:\/\/www.zenimmax.ch\/angebote\/wp-json\/wp\/v2\/pages\/1296\/revisions\/1719"}],"wp:attachment":[{"href":"https:\/\/www.zenimmax.ch\/angebote\/wp-json\/wp\/v2\/media?parent=1296"}],"curies":[{"name":"wp","href":"https:\/\/api.w.org\/{rel}","templated":true}]}}