{"id":1466,"date":"2025-05-26T10:06:11","date_gmt":"2025-05-26T08:06:11","guid":{"rendered":"https:\/\/www.zenimmax.ch\/angebote\/?page_id=1466"},"modified":"2026-02-12T17:06:07","modified_gmt":"2026-02-12T16:06:07","slug":"https-www-zenimmax-ch-angebote-zazenkai-2025-2-programm-zazenkai-im-max","status":"publish","type":"page","link":"https:\/\/www.zenimmax.ch\/angebote\/zazenkai-2025-2\/https-www-zenimmax-ch-angebote-zazenkai-2025-2-programm-zazenkai-im-max\/","title":{"rendered":"Programm Zazenkai im Max"},"content":{"rendered":"\n<p>ab 9.45 h Eintreffen im Max, Leonhardstrasse 12, Z\u00fcrich<br> Seitenengang benutzen! (Die rechte der beiden Holzt\u00fcren ist ge\u00f6ffnet) <br>9.55 h\u00a0\u00a0 T\u00fcrschliessung im Max (nachher kein Eintritt mehr m\u00f6glich!)<br>10.00 h \u2013 12.00h\u00a0 Zazen &#8211; Gelegenheit zum Dokusan<br>12.00 h \u2013 13.00 h\u00a0 Mittagspause<br>13.00 h \u2013 13.30 h Teisho<br>13.30 h &#8211; 15.00 h\u00a0 Zazen &#8211; Gelegenheit zum Dokusan<br>15.00 h Schluss \u2013 wer mag, kommt noch in die &#8222;Kleine Freiheit&#8220; zum Kaffee<\/p>\n\n\n\n<p>Unkostenbeitrag: CHF 30.- zu bezahlen in bar vor Ort<\/p>\n\n\n\n<p>Bequeme Kleider (unauff\u00e4llige Farben) mitbringen<\/p>\n","protected":false},"excerpt":{"rendered":"<p>ab 9.45 h Eintreffen im Max, Leonhardstrasse 12, Z\u00fcrich Seitenengang benutzen! (Die rechte der beiden Holzt\u00fcren ist ge\u00f6ffnet) 9.55 h\u00a0\u00a0 [&hellip;]<\/p>\n","protected":false},"author":64,"featured_media":0,"parent":1300,"menu_order":0,"comment_status":"closed","ping_status":"closed","template":"","meta":{"site-sidebar-layout":"default","site-content-layout":"","ast-site-content-layout":"","site-content-style":"default","site-sidebar-style":"default","ast-global-header-display":"","ast-banner-title-visibility":"","ast-main-header-display":"","ast-hfb-above-header-display":"","ast-hfb-below-header-display":"","ast-hfb-mobile-header-display":"","site-post-title":"","ast-breadcrumbs-content":"","ast-featured-img":"","footer-sml-layout":"","theme-transparent-header-meta":"","adv-header-id-meta":"","stick-header-meta":"","header-above-stick-meta":"","header-main-stick-meta":"","header-below-stick-meta":"","astra-migrate-meta-layouts":"default","ast-page-background-enabled":"default","ast-page-background-meta":{"desktop":{"background-color":"var(--ast-global-color-5)","background-image":"","background-repeat":"repeat","background-position":"center center","background-size":"auto","background-attachment":"scroll","background-type":"","background-media":"","overlay-type":"","overlay-color":"","overlay-opacity":"","overlay-gradient":""},"tablet":{"background-color":"","background-image":"","background-repeat":"repeat","background-position":"center center","background-size":"auto","background-attachment":"scroll","background-type":"","background-media":"","overlay-type":"","overlay-color":"","overlay-opacity":"","overlay-gradient":""},"mobile":{"background-color":"","background-image":"","background-repeat":"repeat","background-position":"center center","background-size":"auto","background-attachment":"scroll","background-type":"","background-media":"","overlay-type":"","overlay-color":"","overlay-opacity":"","overlay-gradient":""}},"ast-content-background-meta":{"desktop":{"background-color":"var(--ast-global-color-4)","background-image":"","background-repeat":"repeat","background-position":"center center","background-size":"auto","background-attachment":"scroll","background-type":"","background-media":"","overlay-type":"","overlay-color":"","overlay-opacity":"","overlay-gradient":""},"tablet":{"background-color":"var(--ast-global-color-4)","background-image":"","background-repeat":"repeat","background-position":"center center","background-size":"auto","background-attachment":"scroll","background-type":"","background-media":"","overlay-type":"","overlay-color":"","overlay-opacity":"","overlay-gradient":""},"mobile":{"background-color":"var(--ast-global-color-4)","background-image":"","background-repeat":"repeat","background-position":"center center","background-size":"auto","background-attachment":"scroll","background-type":"","background-media":"","overlay-type":"","overlay-color":"","overlay-opacity":"","overlay-gradient":""}},"footnotes":""},"class_list":["post-1466","page","type-page","status-publish","hentry"],"_links":{"self":[{"href":"https:\/\/www.zenimmax.ch\/angebote\/wp-json\/wp\/v2\/pages\/1466","targetHints":{"allow":["GET"]}}],"collection":[{"href":"https:\/\/www.zenimmax.ch\/angebote\/wp-json\/wp\/v2\/pages"}],"about":[{"href":"https:\/\/www.zenimmax.ch\/angebote\/wp-json\/wp\/v2\/types\/page"}],"author":[{"embeddable":true,"href":"https:\/\/www.zenimmax.ch\/angebote\/wp-json\/wp\/v2\/users\/64"}],"replies":[{"embeddable":true,"href":"https:\/\/www.zenimmax.ch\/angebote\/wp-json\/wp\/v2\/comments?post=1466"}],"version-history":[{"count":10,"href":"https:\/\/www.zenimmax.ch\/angebote\/wp-json\/wp\/v2\/pages\/1466\/revisions"}],"predecessor-version":[{"id":1658,"href":"https:\/\/www.zenimmax.ch\/angebote\/wp-json\/wp\/v2\/pages\/1466\/revisions\/1658"}],"up":[{"embeddable":true,"href":"https:\/\/www.zenimmax.ch\/angebote\/wp-json\/wp\/v2\/pages\/1300"}],"wp:attachment":[{"href":"https:\/\/www.zenimmax.ch\/angebote\/wp-json\/wp\/v2\/media?parent=1466"}],"curies":[{"name":"wp","href":"https:\/\/api.w.org\/{rel}","templated":true}]}}