{"id":1572,"date":"2025-11-12T16:51:26","date_gmt":"2025-11-12T15:51:26","guid":{"rendered":"https:\/\/www.zenimmax.ch\/angebote\/?page_id=1572"},"modified":"2026-02-12T17:06:48","modified_gmt":"2026-02-12T16:06:48","slug":"zazenkai-bis-16h","status":"publish","type":"page","link":"https:\/\/www.zenimmax.ch\/angebote\/zazenkai-2025-2\/zazenkai-bis-16h\/","title":{"rendered":"Programm Zazenkai im Max 21. M\u00e4rz mit Schluss um 16 h"},"content":{"rendered":"\n<p>ab 9.45 h Eintreffen im Max, Leonhardstrasse 12, Z\u00fcrich<br>Seiteneingang benutzen! (Die rechte der beiden Holzt\u00fcren ist ge\u00f6ffnet)<br>9.55 h\u00a0\u00a0 T\u00fcrschliessung im Max (nachher kein Eintritt mehr m\u00f6glich!)<br>10.00 h \u2013 11.30h Zazen \u2013 Gelegenheit zum Dokusan<br>11.30 h \u2013 12.30 h Mittagspause<br>12.30 h \u2013 13.00 h Teisho<br>13.00 h \u2013 14.30 h Zazen \u2013 Gelegenheit zum Dokusan<br>14.30 h \u2013 15.00 h Intervall<br>15.00 h \u2013 16.00 h Zazen \u2013 Gelegenheit zum Dokusan<br>16.00 h Schluss \u2013 wer mag, kommt noch in die \u201eKleine Freiheit\u201c zum Kaffee<br><br>Unkostenbeitrag Fr. 30.- (vor Ort in bar zu bezahlen)<br>Bequeme Kleider (unauff\u00e4llige Farben) mitbringen<\/p>\n","protected":false},"excerpt":{"rendered":"<p>ab 9.45 h Eintreffen im Max, Leonhardstrasse 12, Z\u00fcrichSeiteneingang benutzen! (Die rechte der beiden Holzt\u00fcren ist ge\u00f6ffnet)9.55 h\u00a0\u00a0 T\u00fcrschliessung im [&hellip;]<\/p>\n","protected":false},"author":64,"featured_media":0,"parent":1300,"menu_order":0,"comment_status":"closed","ping_status":"closed","template":"","meta":{"site-sidebar-layout":"default","site-content-layout":"","ast-site-content-layout":"","site-content-style":"default","site-sidebar-style":"default","ast-global-header-display":"","ast-banner-title-visibility":"","ast-main-header-display":"","ast-hfb-above-header-display":"","ast-hfb-below-header-display":"","ast-hfb-mobile-header-display":"","site-post-title":"","ast-breadcrumbs-content":"","ast-featured-img":"","footer-sml-layout":"","theme-transparent-header-meta":"","adv-header-id-meta":"","stick-header-meta":"","header-above-stick-meta":"","header-main-stick-meta":"","header-below-stick-meta":"","astra-migrate-meta-layouts":"default","ast-page-background-enabled":"default","ast-page-background-meta":{"desktop":{"background-color":"var(--ast-global-color-5)","background-image":"","background-repeat":"repeat","background-position":"center center","background-size":"auto","background-attachment":"scroll","background-type":"","background-media":"","overlay-type":"","overlay-color":"","overlay-opacity":"","overlay-gradient":""},"tablet":{"background-color":"","background-image":"","background-repeat":"repeat","background-position":"center center","background-size":"auto","background-attachment":"scroll","background-type":"","background-media":"","overlay-type":"","overlay-color":"","overlay-opacity":"","overlay-gradient":""},"mobile":{"background-color":"","background-image":"","background-repeat":"repeat","background-position":"center center","background-size":"auto","background-attachment":"scroll","background-type":"","background-media":"","overlay-type":"","overlay-color":"","overlay-opacity":"","overlay-gradient":""}},"ast-content-background-meta":{"desktop":{"background-color":"var(--ast-global-color-4)","background-image":"","background-repeat":"repeat","background-position":"center center","background-size":"auto","background-attachment":"scroll","background-type":"","background-media":"","overlay-type":"","overlay-color":"","overlay-opacity":"","overlay-gradient":""},"tablet":{"background-color":"var(--ast-global-color-4)","background-image":"","background-repeat":"repeat","background-position":"center center","background-size":"auto","background-attachment":"scroll","background-type":"","background-media":"","overlay-type":"","overlay-color":"","overlay-opacity":"","overlay-gradient":""},"mobile":{"background-color":"var(--ast-global-color-4)","background-image":"","background-repeat":"repeat","background-position":"center center","background-size":"auto","background-attachment":"scroll","background-type":"","background-media":"","overlay-type":"","overlay-color":"","overlay-opacity":"","overlay-gradient":""}},"footnotes":""},"class_list":["post-1572","page","type-page","status-publish","hentry"],"_links":{"self":[{"href":"https:\/\/www.zenimmax.ch\/angebote\/wp-json\/wp\/v2\/pages\/1572","targetHints":{"allow":["GET"]}}],"collection":[{"href":"https:\/\/www.zenimmax.ch\/angebote\/wp-json\/wp\/v2\/pages"}],"about":[{"href":"https:\/\/www.zenimmax.ch\/angebote\/wp-json\/wp\/v2\/types\/page"}],"author":[{"embeddable":true,"href":"https:\/\/www.zenimmax.ch\/angebote\/wp-json\/wp\/v2\/users\/64"}],"replies":[{"embeddable":true,"href":"https:\/\/www.zenimmax.ch\/angebote\/wp-json\/wp\/v2\/comments?post=1572"}],"version-history":[{"count":7,"href":"https:\/\/www.zenimmax.ch\/angebote\/wp-json\/wp\/v2\/pages\/1572\/revisions"}],"predecessor-version":[{"id":1659,"href":"https:\/\/www.zenimmax.ch\/angebote\/wp-json\/wp\/v2\/pages\/1572\/revisions\/1659"}],"up":[{"embeddable":true,"href":"https:\/\/www.zenimmax.ch\/angebote\/wp-json\/wp\/v2\/pages\/1300"}],"wp:attachment":[{"href":"https:\/\/www.zenimmax.ch\/angebote\/wp-json\/wp\/v2\/media?parent=1572"}],"curies":[{"name":"wp","href":"https:\/\/api.w.org\/{rel}","templated":true}]}}