{"id":1628,"date":"2026-02-12T15:40:43","date_gmt":"2026-02-12T14:40:43","guid":{"rendered":"https:\/\/www.zenimmax.ch\/angebote\/?page_id=1628"},"modified":"2026-02-13T15:11:13","modified_gmt":"2026-02-13T14:11:13","slug":"sesshin","status":"publish","type":"page","link":"https:\/\/www.zenimmax.ch\/angebote\/sesshin\/","title":{"rendered":"Sesshin"},"content":{"rendered":"\n<p>mit J\u00fcrg Heldstab im <a href=\"https:\/\/www.berghotelsterna.ch\/\" data-type=\"link\" data-id=\"https:\/\/www.berghotelsterna.ch\/\">Berghotel Sterna<\/a>, Feldis\/GR, 23. &#8211; 27. Nov. 2026.<\/p>\n\n\n\n<p><strong>Sesshin: <\/strong>Was im Alltag auseinanderf\u00e4llt, suchen wir im Sesshin wieder einzusammeln. W\u00f6rtlich heisst Sesshin \u201emit dem Herzgeist in Kontakt sein&#8220;, in innigem Kontakt mit dem Gegenw\u00e4rtigen sein. Das Berghotel Sterna in Feldis ist ein guter Platz f\u00fcr diese \u00dcbung. Zuoberst im stillen Dorf mit weitem Blick auf die B\u00fcndner Bergwelt l\u00e4dt es uns zum EIN-Kehren ein.<br><br><strong>Programm:<\/strong> Das Sesshin im Berghotel Sterna in Feldis\/GR 23.-27.11.2026 beginnt am <strong>Montagabend <\/strong>mit dem gemeinsamen Nachtessen und einer nachfolgenden Einf\u00fchrung.<br><strong>Dienstag bis Donnerstag<\/strong> startet der Tag jeweils um 6.30 h und endet um 21.00 h. Zazen, Teisho, Dokusan, Samu, Rezitation wechseln sich ab. <br>Am <strong>Freitag <\/strong>endet das Sesshin mit dem Fr\u00fchst\u00fcck sp\u00e4testens um 10 Uhr. <br>Der Kurs findet im <strong>Schweigen <\/strong>statt. Das Detailprogramm entspricht den Sesshins unserer Linie und wird ab Sommer auf dieser Seite publiziert.<br><br><strong>Voraussetzung<\/strong>: Die Teilnahme am Sesshn setzt den vorg\u00e4ngigen Besuch eines Zen-Einf\u00fchrungskurses der Glassman-Lassalle Zen-Linie voraus.<br><br><strong>Mitbringen:<\/strong> Meditationskleidung in unauff\u00e4lliger Farbe, das eigene Sitzkissen oder Sitzb\u00e4nkli (St\u00fchle, Sitzmatten und Wolldecken sind vorhanden). <br>Am Freitag nach Abschluss gibt es die M\u00f6glichkeit f\u00fcr ein wohltuendes Bad im Hotpot draussen unter den L\u00e4rchen. Wer das m\u00f6chte, bringt den Badeanzug mit.<br> <br><strong>Anmeldung<\/strong>: Die Anmeldung zum Sesshin erfolgt via E-Mail an <a href=\"mailto:juerg.heldstab@gmail.com\">juerg.heldstab@gmail.com<\/a><br><br><strong>Hotellerie: <\/strong>Die Teilnehmenden buchen ihre Zimmer vorg\u00e4ngig und selbst\u00e4ndig im Berghotel Sterna, Tel. 081 655 12 20, <a href=\"mailto:office@berghotelsterna.ch\">office@berghotelsterna.ch<\/a>. Die Preise richten sich nach Gr\u00f6sse und Ausstattung der Zimmer und gehen von 175 Fr. bis 290 Fr. pro Person und pro Nacht. Darin enthalten ist auch die Seminarpauschale (Kaffee\/Tee-Automat, Kuchen, Snacks, MWST, Kurtaxe, Benutzung Meditationsraum). Wer fr\u00fch bucht, hat mehr Option in der Wahl der Zimmerkategorie. <br>Die Anmeldung ist <strong>verbindlich<\/strong>. Der Kurs muss im Ganzen gebucht werden, das heisst Montag bis Freitag.<br>F\u00fcr Paare besteht die M\u00f6glichkeit, ein Doppelzimmer zu teilen (zu reduzierten Kosten).<br>Die Mahlzeiten sind im Berghotel Sterna alle <strong>vegetarisch<\/strong>.<br>Die Bezahlung erfolgt <strong>vor Ort<\/strong> bis sp\u00e4testens am Kursende.<br><br>K<strong>ursgeld<\/strong>: Das Kursgeld betr\u00e4gt 150.- pro Person und wird w\u00e4hrend des Sesshins bezahlt (bar, Twint).<br><br><strong>Teilnahme<\/strong>: Die Zahl der Teilnehmenden ist auf 16 beschr\u00e4nkt. Ggf. wird eine Warteliste gef\u00fchrt.<br><br><strong>Anreise<\/strong>: Feldis ist perfekt mit dem <strong>\u00d6V<\/strong> erschlossen, z.B. ab Z\u00fcrich HB via Chur, Rh\u00e4z\u00fcns in 2h. F\u00fcr eine genaue Auskunft bei der Fahrplanabfrage nur &#8222;Feldis\/Veulden&#8220; ohne zus\u00e4tzliche Station eingeben. Ab Chur f\u00e4hrt die Rh\u00e4tische Bahn im Halbstundentakt bis Rh\u00e4z\u00fcns. Von dort pendelt die Luftseilbahn ebenfalls im Halbstundentakt bis Feldis. Halbtax und GA sind g\u00fcltig. <br>Mit dem <strong>Auto <\/strong>auf der Autobahn A13, Richtung San Bernadion\/Italien, die Ausfahrt \u201eRothenbrunnen\/Cazis\u201c nehmen, dann den Wegweisern &#8222;Feldis&#8220; folgen. Besser jedoch das Auto an der Talstation der Luftseilbahn Rh\u00e4z\u00fcns-Feldis (LRF) stehenlassen. Der Parkplatz ist gratis und der Weg ist schneller, zudem gibt es bei Schnee keine Probleme. Bei dieser Variante die Ausfahrt \u201eBonaduz\/Rh\u00e4z\u00fcns\u201c ben\u00fctzen.<br><br><strong>Annulation<\/strong><br>\u00dcber die Durchf\u00fchrung des Sesshin wird bis zwei Monate vor Beginn entschieden, das heisst bis sp\u00e4testens am 22. Sept.<br><br><strong>\u00d6kologisch\/sozial:<\/strong> Das Berghotel Sterna legt Wert auf \u00f6kologische und sozialvert\u00e4glche Betriebsf\u00fchrung und hat das Zertifikat &#8222;<a href=\"https:\/\/www.greendestinations.org\/home\/what-we-do\/for-businesses\/good-travel-seal\/\" data-type=\"link\" data-id=\"https:\/\/www.greendestinations.org\/home\/what-we-do\/for-businesses\/good-travel-seal\/\">Good Travel Seal Level 2 &amp; 3<\/a>&#8220; erhalten. Dazu geh\u00f6ren hohe Anforderungen an alle Produkte (regional, saisonal), an Wasser- und Energieversorgung (Pellets, Solarstrom), Verbrauchsartikel, M\u00f6bel, Recycling, Kooperation mit lokalen Handwerkern und Dienstleistern. Die Gesch\u00e4ftsleitung gibt gerne Auskunft!<\/p>\n\n\n\n<p><\/p>\n","protected":false},"excerpt":{"rendered":"<p>mit J\u00fcrg Heldstab im Berghotel Sterna, Feldis\/GR, 23. &#8211; 27. Nov. 2026. Sesshin: Was im Alltag auseinanderf\u00e4llt, suchen wir im [&hellip;]<\/p>\n","protected":false},"author":64,"featured_media":0,"parent":0,"menu_order":3,"comment_status":"closed","ping_status":"closed","template":"","meta":{"site-sidebar-layout":"default","site-content-layout":"","ast-site-content-layout":"","site-content-style":"default","site-sidebar-style":"default","ast-global-header-display":"","ast-banner-title-visibility":"","ast-main-header-display":"","ast-hfb-above-header-display":"","ast-hfb-below-header-display":"","ast-hfb-mobile-header-display":"","site-post-title":"","ast-breadcrumbs-content":"","ast-featured-img":"","footer-sml-layout":"","theme-transparent-header-meta":"","adv-header-id-meta":"","stick-header-meta":"","header-above-stick-meta":"","header-main-stick-meta":"","header-below-stick-meta":"","astra-migrate-meta-layouts":"default","ast-page-background-enabled":"default","ast-page-background-meta":{"desktop":{"background-color":"var(--ast-global-color-5)","background-image":"","background-repeat":"repeat","background-position":"center center","background-size":"auto","background-attachment":"scroll","background-type":"","background-media":"","overlay-type":"","overlay-color":"","overlay-opacity":"","overlay-gradient":""},"tablet":{"background-color":"","background-image":"","background-repeat":"repeat","background-position":"center center","background-size":"auto","background-attachment":"scroll","background-type":"","background-media":"","overlay-type":"","overlay-color":"","overlay-opacity":"","overlay-gradient":""},"mobile":{"background-color":"","background-image":"","background-repeat":"repeat","background-position":"center center","background-size":"auto","background-attachment":"scroll","background-type":"","background-media":"","overlay-type":"","overlay-color":"","overlay-opacity":"","overlay-gradient":""}},"ast-content-background-meta":{"desktop":{"background-color":"var(--ast-global-color-4)","background-image":"","background-repeat":"repeat","background-position":"center center","background-size":"auto","background-attachment":"scroll","background-type":"","background-media":"","overlay-type":"","overlay-color":"","overlay-opacity":"","overlay-gradient":""},"tablet":{"background-color":"var(--ast-global-color-4)","background-image":"","background-repeat":"repeat","background-position":"center center","background-size":"auto","background-attachment":"scroll","background-type":"","background-media":"","overlay-type":"","overlay-color":"","overlay-opacity":"","overlay-gradient":""},"mobile":{"background-color":"var(--ast-global-color-4)","background-image":"","background-repeat":"repeat","background-position":"center center","background-size":"auto","background-attachment":"scroll","background-type":"","background-media":"","overlay-type":"","overlay-color":"","overlay-opacity":"","overlay-gradient":""}},"footnotes":""},"class_list":["post-1628","page","type-page","status-publish","hentry"],"_links":{"self":[{"href":"https:\/\/www.zenimmax.ch\/angebote\/wp-json\/wp\/v2\/pages\/1628","targetHints":{"allow":["GET"]}}],"collection":[{"href":"https:\/\/www.zenimmax.ch\/angebote\/wp-json\/wp\/v2\/pages"}],"about":[{"href":"https:\/\/www.zenimmax.ch\/angebote\/wp-json\/wp\/v2\/types\/page"}],"author":[{"embeddable":true,"href":"https:\/\/www.zenimmax.ch\/angebote\/wp-json\/wp\/v2\/users\/64"}],"replies":[{"embeddable":true,"href":"https:\/\/www.zenimmax.ch\/angebote\/wp-json\/wp\/v2\/comments?post=1628"}],"version-history":[{"count":12,"href":"https:\/\/www.zenimmax.ch\/angebote\/wp-json\/wp\/v2\/pages\/1628\/revisions"}],"predecessor-version":[{"id":1683,"href":"https:\/\/www.zenimmax.ch\/angebote\/wp-json\/wp\/v2\/pages\/1628\/revisions\/1683"}],"wp:attachment":[{"href":"https:\/\/www.zenimmax.ch\/angebote\/wp-json\/wp\/v2\/media?parent=1628"}],"curies":[{"name":"wp","href":"https:\/\/api.w.org\/{rel}","templated":true}]}}